{"id":99,"date":"2018-11-11T10:55:32","date_gmt":"2018-11-11T13:55:32","guid":{"rendered":"http:\/\/casadaciencia.draconis.ufms.br\/?page_id=99"},"modified":"2018-11-11T10:55:32","modified_gmt":"2018-11-11T13:55:32","slug":"experimentoteca","status":"publish","type":"page","link":"https:\/\/casadaciencia.ufms.br\/en\/projetos\/experimentoteca\/","title":{"rendered":"Experimentoteca"},"content":{"rendered":"<p>O\u00a0<a href=\"http:\/\/www.dqi.ufms.br\/~pet\/eventos.html\">Projeto Experimentoteca<\/a>\u00a0\u00e9 um programa criado pela USP voltado para o ensino de Ci\u00eancias nas Escolas da Rede P\u00fablica e Particular com m\u00f3dulos de treinamento para os professores e o empr\u00e9stimo de kits de experi\u00eancia parta demonstra\u00e7\u00e3o nas escolas. O Projeto envolve a participa\u00e7\u00e3o de acad\u00eamicos do curso de Qu\u00edmica \u2013 Licenciatura. Todos os anos durante a Semana da Qu\u00edmica o PET-Qu\u00edmica oferece a todos os interessados o curso de capacita\u00e7\u00e3o para uso dos kits.<br \/>\n<a href=\"http:\/\/www.cdcc.usp.br\/exper\/fundamental\/index.html\">mais sobre a experimentoteca&#8230;<br \/>\n<\/a><br \/>\nSala da Experimentoteca fica no DQI &#8211; Fone 3345 &#8211; 3675<\/p>\n","protected":false},"excerpt":{"rendered":"<p>O\u00a0Projeto Experimentoteca\u00a0\u00e9 um programa criado pela USP voltado para o ensino de Ci\u00eancias nas Escolas da Rede P\u00fablica e Particular com m\u00f3dulos de treinamento para os professores e o empr\u00e9stimo [&hellip;]<\/p>\n","protected":false},"author":853,"featured_media":0,"parent":38,"menu_order":0,"comment_status":"closed","ping_status":"closed","template":"","meta":{"footnotes":""},"coauthors":[],"class_list":["post-99","page","type-page","status-publish","hentry"],"_links":{"self":[{"href":"https:\/\/casadaciencia.ufms.br\/en\/wp-json\/wp\/v2\/pages\/99","targetHints":{"allow":["GET"]}}],"collection":[{"href":"https:\/\/casadaciencia.ufms.br\/en\/wp-json\/wp\/v2\/pages"}],"about":[{"href":"https:\/\/casadaciencia.ufms.br\/en\/wp-json\/wp\/v2\/types\/page"}],"author":[{"embeddable":true,"href":"https:\/\/casadaciencia.ufms.br\/en\/wp-json\/wp\/v2\/users\/853"}],"replies":[{"embeddable":true,"href":"https:\/\/casadaciencia.ufms.br\/en\/wp-json\/wp\/v2\/comments?post=99"}],"version-history":[{"count":1,"href":"https:\/\/casadaciencia.ufms.br\/en\/wp-json\/wp\/v2\/pages\/99\/revisions"}],"predecessor-version":[{"id":100,"href":"https:\/\/casadaciencia.ufms.br\/en\/wp-json\/wp\/v2\/pages\/99\/revisions\/100"}],"up":[{"embeddable":true,"href":"https:\/\/casadaciencia.ufms.br\/en\/wp-json\/wp\/v2\/pages\/38"}],"wp:attachment":[{"href":"https:\/\/casadaciencia.ufms.br\/en\/wp-json\/wp\/v2\/media?parent=99"}],"wp:term":[{"taxonomy":"author","embeddable":true,"href":"https:\/\/casadaciencia.ufms.br\/en\/wp-json\/wp\/v2\/coauthors?post=99"}],"curies":[{"name":"wp","href":"https:\/\/api.w.org\/{rel}","templated":true}]}}