{"id":96,"date":"2018-11-11T10:54:38","date_gmt":"2018-11-11T13:54:38","guid":{"rendered":"http:\/\/casadaciencia.draconis.ufms.br\/?page_id=96"},"modified":"2018-11-11T10:54:38","modified_gmt":"2018-11-11T13:54:38","slug":"espaco-oficina","status":"publish","type":"page","link":"https:\/\/casadaciencia.ufms.br\/en\/projetos\/espaco-oficina\/","title":{"rendered":"Espa\u00e7o Oficina"},"content":{"rendered":"<p><img decoding=\"async\" class=\"size-medium wp-image-97 aligncenter\" src=\"http:\/\/casadaciencia.draconis.ufms.br\/files\/2018\/11\/551586_406351236070079_1996523015_n-300x148.jpg\" alt=\"\" width=\"300\" height=\"148\" srcset=\"https:\/\/casadaciencia.ufms.br\/files\/2018\/11\/551586_406351236070079_1996523015_n-300x148.jpg 300w, https:\/\/casadaciencia.ufms.br\/files\/2018\/11\/551586_406351236070079_1996523015_n-768x380.jpg 768w, https:\/\/casadaciencia.ufms.br\/files\/2018\/11\/551586_406351236070079_1996523015_n-647x320.jpg 647w, https:\/\/casadaciencia.ufms.br\/files\/2018\/11\/551586_406351236070079_1996523015_n.jpg 960w\" sizes=\"(max-width: 300px) 100vw, 300px\" \/>O projeto \u201cEspa\u00e7o Oficina\u201d \u00e9 um projeto de extens\u00e3o, pertencente ao programa Casa da Ci\u00eancia e iniciou suas atividades no ano de 2007.<\/p>\n<p>Sua miss\u00e3o \u00e9 de promover a educa\u00e7\u00e3o ambiental e cient\u00edfica, a inclus\u00e3o social, o acesso \u00e0 informa\u00e7\u00e3o e a gera\u00e7\u00e3o de renda por meio do cooperativismo, atrav\u00e9s da confec\u00e7\u00e3o de brinquedos l\u00fadico-cient\u00edficos.<\/p>\n<p>Suas atividades se iniciaram na Experimentoteca do grupo PET da Qu\u00edmica, cedido pela professora Dra. M\u00e1rcia Helena de Rizzo da Matta, e neste espa\u00e7o se realizaram oficinas com crian\u00e7as do bairro Nova Lima.<\/p>\n<p>Em 2009, o projeto \u201cEspa\u00e7o Oficina\u201d passou a funcionar em uma sala do Est\u00e1dio Moren\u00e3o, acesso pelo port\u00e3o 32, onde foram realizadas oficinas de brinquedos com as crian\u00e7as do Projeto C\u00f3rrego Bandeiras, acampamento \u201cOziel Pereira\u201d e a aldeia ind\u00edgena \u201cLim\u00e3o Verde\u201d, al\u00e9m de oficinas l\u00fadico-cient\u00edfica com alunos e monitores do grupo ANARCO, Campus de Aquidauana, durante a Semana Nacional de Ci\u00eancia &amp; Tecnologia de 2011.<\/p>\n<p>Neste ano de 2012, retomamos nossas atividades em Abril com for\u00e7a e vontade, contamos com novos equipamentos, parcerias, monitores e muito mais&#8230;<\/p>\n","protected":false},"excerpt":{"rendered":"<p>O projeto \u201cEspa\u00e7o Oficina\u201d \u00e9 um projeto de extens\u00e3o, pertencente ao programa Casa da Ci\u00eancia e iniciou suas atividades no ano de 2007. Sua miss\u00e3o \u00e9 de promover a educa\u00e7\u00e3o [&hellip;]<\/p>\n","protected":false},"author":853,"featured_media":0,"parent":38,"menu_order":0,"comment_status":"closed","ping_status":"closed","template":"","meta":{"footnotes":""},"coauthors":[],"class_list":["post-96","page","type-page","status-publish","hentry"],"_links":{"self":[{"href":"https:\/\/casadaciencia.ufms.br\/en\/wp-json\/wp\/v2\/pages\/96","targetHints":{"allow":["GET"]}}],"collection":[{"href":"https:\/\/casadaciencia.ufms.br\/en\/wp-json\/wp\/v2\/pages"}],"about":[{"href":"https:\/\/casadaciencia.ufms.br\/en\/wp-json\/wp\/v2\/types\/page"}],"author":[{"embeddable":true,"href":"https:\/\/casadaciencia.ufms.br\/en\/wp-json\/wp\/v2\/users\/853"}],"replies":[{"embeddable":true,"href":"https:\/\/casadaciencia.ufms.br\/en\/wp-json\/wp\/v2\/comments?post=96"}],"version-history":[{"count":1,"href":"https:\/\/casadaciencia.ufms.br\/en\/wp-json\/wp\/v2\/pages\/96\/revisions"}],"predecessor-version":[{"id":98,"href":"https:\/\/casadaciencia.ufms.br\/en\/wp-json\/wp\/v2\/pages\/96\/revisions\/98"}],"up":[{"embeddable":true,"href":"https:\/\/casadaciencia.ufms.br\/en\/wp-json\/wp\/v2\/pages\/38"}],"wp:attachment":[{"href":"https:\/\/casadaciencia.ufms.br\/en\/wp-json\/wp\/v2\/media?parent=96"}],"wp:term":[{"taxonomy":"author","embeddable":true,"href":"https:\/\/casadaciencia.ufms.br\/en\/wp-json\/wp\/v2\/coauthors?post=96"}],"curies":[{"name":"wp","href":"https:\/\/api.w.org\/{rel}","templated":true}]}}