{"id":93,"date":"2018-11-11T10:51:00","date_gmt":"2018-11-11T13:51:00","guid":{"rendered":"http:\/\/casadaciencia.draconis.ufms.br\/?page_id=93"},"modified":"2018-11-11T10:51:00","modified_gmt":"2018-11-11T13:51:00","slug":"aprenda-2","status":"publish","type":"page","link":"https:\/\/casadaciencia.ufms.br\/en\/projetos\/aprenda-2\/","title":{"rendered":"Aprenda &#8211; 2"},"content":{"rendered":"<p>Difundir a ci\u00eancia \u00e9 uma miss\u00e3o da Casa, logo popularizar a Qu\u00edmica faz parte desta miss\u00e3o. Mas como colocar isto em pr\u00e1tica? A melhor forma de promover essa populariza\u00e7\u00e3o seria tornar o estudo da qu\u00edmica divertido e interessante, foi a partir desse pensamento que surgiu a id\u00e9ia de desenvolver um jogo com o qual fosse poss\u00edvel aprender qu\u00edmica brincando. Alem disso \u00e9 com a inten\u00e7\u00e3o de desfazer a imagem de vil\u00e3 da ci\u00eancia qu\u00edmica que o projeto est\u00e1 sendo desenvolvido.<br \/>\nO assunto escolhido para ser trabalhado foi a tabela peri\u00f3dica, e o principal objetivo do jogo \u00e9 facilitar e despertar interesse na sua aprendizagem, a tabela \u00e9 um instrumento fundamental da qu\u00edmica, que infelizmente apresenta por parte dos estudantes uma certa avers\u00e3o, devido a maneira cansativa com que \u00e9 ensinada.<br \/>\nO jogo ir\u00e1 abordar diversos assuntos relacionados \u00e0 tabela, tais como, sua hist\u00f3ria, sua estrutura, as propriedades peri\u00f3dicas, as caracter\u00edsticas gerais dos elementos e, seu uso, utilidade e aplica\u00e7\u00e3o, isto de maneira criativa, interessante e divertida.<br \/>\nA forma como o aluno \u00e9 apresentado \u00e0 qu\u00edmica determina se a rela\u00e7\u00e3o que ele ter\u00e1 com esta ser\u00e1 de amor ou de \u00f3dio. Para que esta apresenta\u00e7\u00e3o gere uma rela\u00e7\u00e3o de amor o p\u00fablico alvo do projeto \u00e9 composto de alunos que est\u00e3o iniciando seus estudos sobre qu\u00edmica e tabela peri\u00f3dica.<\/p>\n","protected":false},"excerpt":{"rendered":"<p>Difundir a ci\u00eancia \u00e9 uma miss\u00e3o da Casa, logo popularizar a Qu\u00edmica faz parte desta miss\u00e3o. Mas como colocar isto em pr\u00e1tica? A melhor forma de promover essa populariza\u00e7\u00e3o seria [&hellip;]<\/p>\n","protected":false},"author":853,"featured_media":0,"parent":38,"menu_order":0,"comment_status":"closed","ping_status":"closed","template":"","meta":{"footnotes":""},"coauthors":[],"class_list":["post-93","page","type-page","status-publish","hentry"],"_links":{"self":[{"href":"https:\/\/casadaciencia.ufms.br\/en\/wp-json\/wp\/v2\/pages\/93","targetHints":{"allow":["GET"]}}],"collection":[{"href":"https:\/\/casadaciencia.ufms.br\/en\/wp-json\/wp\/v2\/pages"}],"about":[{"href":"https:\/\/casadaciencia.ufms.br\/en\/wp-json\/wp\/v2\/types\/page"}],"author":[{"embeddable":true,"href":"https:\/\/casadaciencia.ufms.br\/en\/wp-json\/wp\/v2\/users\/853"}],"replies":[{"embeddable":true,"href":"https:\/\/casadaciencia.ufms.br\/en\/wp-json\/wp\/v2\/comments?post=93"}],"version-history":[{"count":1,"href":"https:\/\/casadaciencia.ufms.br\/en\/wp-json\/wp\/v2\/pages\/93\/revisions"}],"predecessor-version":[{"id":94,"href":"https:\/\/casadaciencia.ufms.br\/en\/wp-json\/wp\/v2\/pages\/93\/revisions\/94"}],"up":[{"embeddable":true,"href":"https:\/\/casadaciencia.ufms.br\/en\/wp-json\/wp\/v2\/pages\/38"}],"wp:attachment":[{"href":"https:\/\/casadaciencia.ufms.br\/en\/wp-json\/wp\/v2\/media?parent=93"}],"wp:term":[{"taxonomy":"author","embeddable":true,"href":"https:\/\/casadaciencia.ufms.br\/en\/wp-json\/wp\/v2\/coauthors?post=93"}],"curies":[{"name":"wp","href":"https:\/\/api.w.org\/{rel}","templated":true}]}}