{"id":82,"date":"2018-11-11T10:35:26","date_gmt":"2018-11-11T13:35:26","guid":{"rendered":"http:\/\/casadaciencia.draconis.ufms.br\/?page_id=82"},"modified":"2018-11-11T10:37:14","modified_gmt":"2018-11-11T13:37:14","slug":"clube-de-astronomia-carl-sagan","status":"publish","type":"page","link":"https:\/\/casadaciencia.ufms.br\/en\/projetos\/clube-de-astronomia-carl-sagan\/","title":{"rendered":"Clube de Astronomia Carl Sagan"},"content":{"rendered":"<div>\n<h1>O In\u00edcio<\/h1>\n<p>Fundado no dia 26 de setembro de 2007, por um grupo de alunos do curso de F\u00edsica e tendo\u00a0como primeiro coordenador o professor Hamilton P. S. Corr\u00eaa da Universidade Federal de Mato Grosso do Sul (UFMS). O Clube de Astronomia Carl Sagan nasceu com uma miss\u00e3o de popularizar a astronomia, de forma a sensibilizar o p\u00fablico para a perspectiva da ci\u00eancia e dar novos significados ao conhecimento.<\/p>\n<div id=\"attachment_84\" style=\"width: 160px\" class=\"wp-caption aligncenter\"><img decoding=\"async\" aria-describedby=\"caption-attachment-84\" class=\"wp-image-84 size-thumbnail\" src=\"http:\/\/casadaciencia.draconis.ufms.br\/files\/2018\/11\/logoclube-antiga-transparente-150x150.png\" alt=\"\" width=\"150\" height=\"150\" srcset=\"https:\/\/casadaciencia.ufms.br\/files\/2018\/11\/logoclube-antiga-transparente-150x150.png 150w, https:\/\/casadaciencia.ufms.br\/files\/2018\/11\/logoclube-antiga-transparente.png 300w\" sizes=\"(max-width: 150px) 100vw, 150px\" \/><p id=\"caption-attachment-84\" class=\"wp-caption-text\">Primeira logo oficial.<\/p><\/div>\n<p>Foi batizado como \u201cClube de Astronomia Carl Sagan\u201d, em homenagem ao astr\u00f4nomo e bi\u00f3logo Carl Edward Sagan (1934-1996) considerado um dos maiores divulgadores de Ci\u00eancia e Astronomia do s\u00e9culo XX e autor de importantes obras, tais como: a c\u00e9lebre s\u00e9rie televisiva Cosmos \u2013 Uma Viagem Pessoal (1980), O Mundo Assombrado Pelos Dem\u00f4nios (livro publicado em 1995), Contato (romance de fic\u00e7\u00e3o cient\u00edfica publicado em 1985), Os Drag\u00f5es\u00a0do \u00c9den (vencedor do pr\u00eamio Pulitzer em 1977), entre diversas outras obras ligadas ao campo da divulga\u00e7\u00e3o cient\u00edfica.<\/p>\n<p>No in\u00edcio do ano de 2009 a UFMS adquiriu dois grandes telesc\u00f3pios para serem usados em observa\u00e7\u00f5es, em comemora\u00e7\u00e3o ao Ano Internacional da Astronomia, e para futuras a\u00e7\u00f5es promovidas pela Casa da Ci\u00eancia. De l\u00e1 para c\u00e1 novos equipamentos foram adquiridos, e inclusive, o Clube foi agraciado em 2014 com uma generosa doa\u00e7\u00e3o de um telesc\u00f3pio Dobsoniano de 10\u2033 por parte do empres\u00e1rio Sr. Claudio R. Fernandes. Atualmente contamos com dois grandes instrumentos \u00f3pticos refletores, um de configura\u00e7\u00e3o Dobsoniana de 10&#8221; e um <em>Schmidt-Cassegrain<\/em> de 11&#8221;.<\/p>\n<h1>Atualmente<\/h1>\n<p>O Clube \u00e9 um projeto, e tamb\u00e9m uma associa\u00e7\u00e3o de pessoas, que tem por objetivo o estudo e a divulga\u00e7\u00e3o da Astronomia como forma de sensibilizar as pessoas para a necessidade de adotar uma postura cr\u00edtica racional em rela\u00e7\u00e3o ao meio globalizado em que estamos inseridos, como, por exemplo, as implica\u00e7\u00f5es do mau uso da tecnologia e do conhecimento humano, e consequentemente os impactos ambientais causados no planeta Terra, nosso p\u00e1lido ponto azul.<\/p>\n<p>Nossa atua\u00e7\u00e3o se d\u00e1 por meio da promo\u00e7\u00e3o de observa\u00e7\u00f5es do c\u00e9u abertas e gratuitas na universidade e em escolas p\u00fablicas, cursos b\u00e1sicos de astronomia, grupos de estudo, palestras e bate papos sobre o tema.<\/p>\n<p>As escolas podem agendar uma visita do Clube pelo e-mail oficial (cacarlsagan@gmail.com).<\/p>\n<p>No campus da UFMS s\u00e3o realizadas atividades abertas no espa\u00e7o da Casa de Ci\u00eancia e Cultura de Campo Grande e ao longo da Cidade Universit\u00e1ria.<\/p>\n<p>Todos s\u00e3o bem-vindos a frequentarem o Clube, podem participar tanto pessoas da comunidade acad\u00eamica quanto moradores da cidade, independentemente da faixa et\u00e1ria ou forma\u00e7\u00e3o escolar. Se voc\u00ea \u00e9 curioso em rela\u00e7\u00e3o a Astronomia, quer aprender mais, compartilhar o que sabe e ajudar a construir um conhecimento conosco, venha fazer parte do clube.<\/p>\n<div id=\"attachment_22\" style=\"width: 310px\" class=\"wp-caption aligncenter\"><img fetchpriority=\"high\" decoding=\"async\" aria-describedby=\"caption-attachment-22\" class=\"wp-image-22 size-medium\" src=\"http:\/\/casadaciencia.draconis.ufms.br\/files\/2016\/10\/logo-nova-colorido_0-2-300x196.jpg\" alt=\"\" width=\"300\" height=\"196\" srcset=\"https:\/\/casadaciencia.ufms.br\/files\/2016\/10\/logo-nova-colorido_0-2-300x196.jpg 300w, https:\/\/casadaciencia.ufms.br\/files\/2016\/10\/logo-nova-colorido_0-2-768x501.jpg 768w, https:\/\/casadaciencia.ufms.br\/files\/2016\/10\/logo-nova-colorido_0-2-490x320.jpg 490w, https:\/\/casadaciencia.ufms.br\/files\/2016\/10\/logo-nova-colorido_0-2.jpg 835w\" sizes=\"(max-width: 300px) 100vw, 300px\" \/><p id=\"caption-attachment-22\" class=\"wp-caption-text\">Logo atual.<\/p><\/div>\n<p style=\"text-align: center\">Contato:<br \/>\nE-mail: cacarlsagan@gmail.com<br \/>\nFacebook: http:\/\/www.facebook.com\/ClubedeAstronomiaCarlSagan<\/p>\n<\/div>\n","protected":false},"excerpt":{"rendered":"<p>O In\u00edcio Fundado no dia 26 de setembro de 2007, por um grupo de alunos do curso de F\u00edsica e tendo\u00a0como primeiro coordenador o professor Hamilton P. S. Corr\u00eaa da [&hellip;]<\/p>\n","protected":false},"author":853,"featured_media":22,"parent":38,"menu_order":0,"comment_status":"closed","ping_status":"closed","template":"","meta":{"footnotes":""},"coauthors":[],"class_list":["post-82","page","type-page","status-publish","has-post-thumbnail","hentry"],"_links":{"self":[{"href":"https:\/\/casadaciencia.ufms.br\/en\/wp-json\/wp\/v2\/pages\/82","targetHints":{"allow":["GET"]}}],"collection":[{"href":"https:\/\/casadaciencia.ufms.br\/en\/wp-json\/wp\/v2\/pages"}],"about":[{"href":"https:\/\/casadaciencia.ufms.br\/en\/wp-json\/wp\/v2\/types\/page"}],"author":[{"embeddable":true,"href":"https:\/\/casadaciencia.ufms.br\/en\/wp-json\/wp\/v2\/users\/853"}],"replies":[{"embeddable":true,"href":"https:\/\/casadaciencia.ufms.br\/en\/wp-json\/wp\/v2\/comments?post=82"}],"version-history":[{"count":5,"href":"https:\/\/casadaciencia.ufms.br\/en\/wp-json\/wp\/v2\/pages\/82\/revisions"}],"predecessor-version":[{"id":89,"href":"https:\/\/casadaciencia.ufms.br\/en\/wp-json\/wp\/v2\/pages\/82\/revisions\/89"}],"up":[{"embeddable":true,"href":"https:\/\/casadaciencia.ufms.br\/en\/wp-json\/wp\/v2\/pages\/38"}],"wp:featuredmedia":[{"embeddable":true,"href":"https:\/\/casadaciencia.ufms.br\/en\/wp-json\/wp\/v2\/media\/22"}],"wp:attachment":[{"href":"https:\/\/casadaciencia.ufms.br\/en\/wp-json\/wp\/v2\/media?parent=82"}],"wp:term":[{"taxonomy":"author","embeddable":true,"href":"https:\/\/casadaciencia.ufms.br\/en\/wp-json\/wp\/v2\/coauthors?post=82"}],"curies":[{"name":"wp","href":"https:\/\/api.w.org\/{rel}","templated":true}]}}