{"id":26,"date":"2016-10-25T08:40:24","date_gmt":"2016-10-25T11:40:24","guid":{"rendered":"http:\/\/casadaciencia.draconis.ufms.br\/?page_id=26"},"modified":"2018-11-11T10:46:28","modified_gmt":"2018-11-11T13:46:28","slug":"telecentro","status":"publish","type":"page","link":"https:\/\/casadaciencia.ufms.br\/en\/telecentro\/","title":{"rendered":"Telecentro"},"content":{"rendered":"<p>O Telecentro, atividade que integra o Programa de Extens\u00e3o Casa da Ci\u00eancia de Campo Grande, se fez necess\u00e1rio por n\u00e3o haver como desvincular a ci\u00eancia da inform\u00e1tica e por esse motivo foi idealizado com o intuito de popularizar o acesso ao computador e a internet para a sociedade.<\/p>\n<p><img fetchpriority=\"high\" decoding=\"async\" class=\"size-medium wp-image-23 aligncenter\" src=\"http:\/\/casadaciencia.draconis.ufms.br\/files\/2016\/10\/telecentro_top-300x199.jpg\" alt=\"\" width=\"300\" height=\"199\" srcset=\"https:\/\/casadaciencia.ufms.br\/files\/2016\/10\/telecentro_top-300x199.jpg 300w, https:\/\/casadaciencia.ufms.br\/files\/2016\/10\/telecentro_top.jpg 335w\" sizes=\"(max-width: 300px) 100vw, 300px\" \/><\/p>\n<p>Sua estrutura f\u00edsica tornou-se realidade em outubro de 2008 e \u00e9 composta por 17 esta\u00e7\u00f5es\u00a0 conectadas na internet, operando em sistema debian GNU\/Linux, para uso p\u00fablico. Al\u00e9m das esta\u00e7\u00f5es, o Telecentro possui infraestrutura para realiza\u00e7\u00e3o de atividades pedag\u00f3gicas relacionadas a inform\u00e1tica, desta forma, esse espa\u00e7o possibilita\u00a0 uma forma\u00e7\u00e3o complementar aos seus frequentadores por meio de diversos cursos que s\u00e3o ministrados atendendo os diversos departamentos da UFMS como tamb\u00e9m\u00a0 todos\u00a0 os interessados.<\/p>\n<p>O Telecentro localiza-se na Universidade Federal de Mato Grosso do Sul, unidade XI, sala 02\u00a0 (<a id=\"aptureLink_G2x4lAK8w6\" href=\"http:\/\/www.casadaciencia.ufms.br\/telecentro\/?q=node\/3\">ver mapa<\/a>) e abre suas portas ao p\u00fablico diariamente. Com um hor\u00e1rio de funcionamento bem amplo o Telecentro fica dispon\u00edvel para todos realizarem suas pesquisas, confeccionar trabalhos acad\u00eamicos, debater problemas t\u00e9cnicos relacionados\u00a0 a tecnologia da informa\u00e7\u00e3o, etc.<\/p>\n<p>Para mais informa\u00e7\u00f5es acesse a p\u00e1gina web do\u00a0<a id=\"aptureLink_yaJiUd7R0Q\" href=\"http:\/\/www.casadaciencia.ufms.br\/telecentro\/\">Telecentro<\/a>. Consulte nosso hor\u00e1rio de funcionamento e atividades que est\u00e3o sendo realizadas. Cadastre-se no site, envie coment\u00e1rios, fa\u00e7a parte da Casa da Ci\u00eancia.<\/p>\n","protected":false},"excerpt":{"rendered":"<p>O Telecentro, atividade que integra o Programa de Extens\u00e3o Casa da Ci\u00eancia de Campo Grande, se fez necess\u00e1rio por n\u00e3o haver como desvincular a ci\u00eancia da inform\u00e1tica e por esse [&hellip;]<\/p>\n","protected":false},"author":52,"featured_media":0,"parent":0,"menu_order":0,"comment_status":"closed","ping_status":"closed","template":"page-templates\/page-coordenadorias.php","meta":{"footnotes":""},"coauthors":[],"class_list":["post-26","page","type-page","status-publish","hentry"],"_links":{"self":[{"href":"https:\/\/casadaciencia.ufms.br\/en\/wp-json\/wp\/v2\/pages\/26","targetHints":{"allow":["GET"]}}],"collection":[{"href":"https:\/\/casadaciencia.ufms.br\/en\/wp-json\/wp\/v2\/pages"}],"about":[{"href":"https:\/\/casadaciencia.ufms.br\/en\/wp-json\/wp\/v2\/types\/page"}],"author":[{"embeddable":true,"href":"https:\/\/casadaciencia.ufms.br\/en\/wp-json\/wp\/v2\/users\/52"}],"replies":[{"embeddable":true,"href":"https:\/\/casadaciencia.ufms.br\/en\/wp-json\/wp\/v2\/comments?post=26"}],"version-history":[{"count":5,"href":"https:\/\/casadaciencia.ufms.br\/en\/wp-json\/wp\/v2\/pages\/26\/revisions"}],"predecessor-version":[{"id":92,"href":"https:\/\/casadaciencia.ufms.br\/en\/wp-json\/wp\/v2\/pages\/26\/revisions\/92"}],"wp:attachment":[{"href":"https:\/\/casadaciencia.ufms.br\/en\/wp-json\/wp\/v2\/media?parent=26"}],"wp:term":[{"taxonomy":"author","embeddable":true,"href":"https:\/\/casadaciencia.ufms.br\/en\/wp-json\/wp\/v2\/coauthors?post=26"}],"curies":[{"name":"wp","href":"https:\/\/api.w.org\/{rel}","templated":true}]}}