{"id":139,"date":"2018-11-11T11:25:49","date_gmt":"2018-11-11T14:25:49","guid":{"rendered":"http:\/\/casadaciencia.draconis.ufms.br\/?page_id=139"},"modified":"2018-11-11T11:25:49","modified_gmt":"2018-11-11T14:25:49","slug":"pet-saude","status":"publish","type":"page","link":"https:\/\/casadaciencia.ufms.br\/en\/parceiros\/pet-saude\/","title":{"rendered":"PET &#8211; SA\u00daDE"},"content":{"rendered":"<p>O Programa de Educa\u00e7\u00e3o pelo Trabalho para a Sa\u00fade PET-Sa\u00fade visa incentivar a aprendizagem e a viv\u00eancia em \u00e1reas estrat\u00e9gicas da Sa\u00fade da Fam\u00edlia atrav\u00e9s da integra\u00e7\u00e3o entre as \u00e1reas de gradua\u00e7\u00e3o e o servi\u00e7o em sa\u00fade comunit\u00e1ria. No meio acad\u00eamico, o PET-Sa\u00fade procura incentivar pesquisas e a produ\u00e7\u00e3o de conhecimento pelas universidades em pesquisas extensionistas que visem o fortalecimento da Aten\u00e7\u00e3o B\u00e1sica.<\/p>\n","protected":false},"excerpt":{"rendered":"<p>O Programa de Educa\u00e7\u00e3o pelo Trabalho para a Sa\u00fade PET-Sa\u00fade visa incentivar a aprendizagem e a viv\u00eancia em \u00e1reas estrat\u00e9gicas da Sa\u00fade da Fam\u00edlia atrav\u00e9s da integra\u00e7\u00e3o entre as \u00e1reas [&hellip;]<\/p>\n","protected":false},"author":853,"featured_media":0,"parent":134,"menu_order":0,"comment_status":"closed","ping_status":"closed","template":"","meta":{"footnotes":""},"coauthors":[],"class_list":["post-139","page","type-page","status-publish","hentry"],"_links":{"self":[{"href":"https:\/\/casadaciencia.ufms.br\/en\/wp-json\/wp\/v2\/pages\/139","targetHints":{"allow":["GET"]}}],"collection":[{"href":"https:\/\/casadaciencia.ufms.br\/en\/wp-json\/wp\/v2\/pages"}],"about":[{"href":"https:\/\/casadaciencia.ufms.br\/en\/wp-json\/wp\/v2\/types\/page"}],"author":[{"embeddable":true,"href":"https:\/\/casadaciencia.ufms.br\/en\/wp-json\/wp\/v2\/users\/853"}],"replies":[{"embeddable":true,"href":"https:\/\/casadaciencia.ufms.br\/en\/wp-json\/wp\/v2\/comments?post=139"}],"version-history":[{"count":1,"href":"https:\/\/casadaciencia.ufms.br\/en\/wp-json\/wp\/v2\/pages\/139\/revisions"}],"predecessor-version":[{"id":140,"href":"https:\/\/casadaciencia.ufms.br\/en\/wp-json\/wp\/v2\/pages\/139\/revisions\/140"}],"up":[{"embeddable":true,"href":"https:\/\/casadaciencia.ufms.br\/en\/wp-json\/wp\/v2\/pages\/134"}],"wp:attachment":[{"href":"https:\/\/casadaciencia.ufms.br\/en\/wp-json\/wp\/v2\/media?parent=139"}],"wp:term":[{"taxonomy":"author","embeddable":true,"href":"https:\/\/casadaciencia.ufms.br\/en\/wp-json\/wp\/v2\/coauthors?post=139"}],"curies":[{"name":"wp","href":"https:\/\/api.w.org\/{rel}","templated":true}]}}