{"id":137,"date":"2018-11-11T11:25:25","date_gmt":"2018-11-11T14:25:25","guid":{"rendered":"http:\/\/casadaciencia.draconis.ufms.br\/?page_id=137"},"modified":"2018-11-11T11:25:25","modified_gmt":"2018-11-11T14:25:25","slug":"pet-quimica","status":"publish","type":"page","link":"https:\/\/casadaciencia.ufms.br\/en\/parceiros\/pet-quimica\/","title":{"rendered":"PET &#8211; QU\u00cdMICA"},"content":{"rendered":"<p>O\u00a0<a href=\"http:\/\/www.dqi.ufms.br\/~pet\/index.html\">Grupo PET &#8211; Qu\u00edmica UFMS<\/a>\u00a0foi implantado no Departamento de Qu\u00edmica em junho de 1992, sob a coordena\u00e7\u00e3o da Prof\u00aa Dr\u00aa Maria Celina Piazza Recena e estendeu-se at\u00e9 o ano de 2000; desde ent\u00e3o o Grupo passou por reformula\u00e7\u00f5es, agora sob a coordena\u00e7\u00e3o da Prof\u00aa Dr\u00aa Marcia Helena de Rizzo da Matta.<\/p>\n<p>O Grupo PET-Qu\u00edmica encontra-se fortemente solidificado no Departamento de Qu\u00edmica (DQI), do Centro de Ci\u00eancias Exatas e Tecnologia, da Universidade Federal de Mato Grosso do Sul, pelas atividades que vem desenvolvendo ao longo dos anos.<br \/>\nDurante este per\u00edodo, aproximadamente quinze anos, diversas atividades foram e s\u00e3o desenvolvidas, tais como EndiPeQ (Encontro de Divulga\u00e7\u00e3o de Pesquisas da Qu\u00edmica), participa\u00e7\u00e3o dos petianos como organizadores da Semana da Qu\u00edmica, interc\u00e2mbio com outros grupos PET da UFMS, participa\u00e7\u00e3o em projetos de pesquisa da Universidade, \u00a0Mural PET, Informativo PET &#8211; Qu\u00edmica, Cine Clube PET, plant\u00e3o de d\u00favidas, visitas \u00e0 ind\u00fastrias, PET vai \u00e0 escola, A\u00e7\u00e3o Social e pesquisas em \u00e1reas relacionadas \u00e0 qu\u00edmica.<\/p>\n","protected":false},"excerpt":{"rendered":"<p>O\u00a0Grupo PET &#8211; Qu\u00edmica UFMS\u00a0foi implantado no Departamento de Qu\u00edmica em junho de 1992, sob a coordena\u00e7\u00e3o da Prof\u00aa Dr\u00aa Maria Celina Piazza Recena e estendeu-se at\u00e9 o ano de [&hellip;]<\/p>\n","protected":false},"author":853,"featured_media":0,"parent":134,"menu_order":0,"comment_status":"closed","ping_status":"closed","template":"","meta":{"footnotes":""},"coauthors":[],"class_list":["post-137","page","type-page","status-publish","hentry"],"_links":{"self":[{"href":"https:\/\/casadaciencia.ufms.br\/en\/wp-json\/wp\/v2\/pages\/137","targetHints":{"allow":["GET"]}}],"collection":[{"href":"https:\/\/casadaciencia.ufms.br\/en\/wp-json\/wp\/v2\/pages"}],"about":[{"href":"https:\/\/casadaciencia.ufms.br\/en\/wp-json\/wp\/v2\/types\/page"}],"author":[{"embeddable":true,"href":"https:\/\/casadaciencia.ufms.br\/en\/wp-json\/wp\/v2\/users\/853"}],"replies":[{"embeddable":true,"href":"https:\/\/casadaciencia.ufms.br\/en\/wp-json\/wp\/v2\/comments?post=137"}],"version-history":[{"count":1,"href":"https:\/\/casadaciencia.ufms.br\/en\/wp-json\/wp\/v2\/pages\/137\/revisions"}],"predecessor-version":[{"id":138,"href":"https:\/\/casadaciencia.ufms.br\/en\/wp-json\/wp\/v2\/pages\/137\/revisions\/138"}],"up":[{"embeddable":true,"href":"https:\/\/casadaciencia.ufms.br\/en\/wp-json\/wp\/v2\/pages\/134"}],"wp:attachment":[{"href":"https:\/\/casadaciencia.ufms.br\/en\/wp-json\/wp\/v2\/media?parent=137"}],"wp:term":[{"taxonomy":"author","embeddable":true,"href":"https:\/\/casadaciencia.ufms.br\/en\/wp-json\/wp\/v2\/coauthors?post=137"}],"curies":[{"name":"wp","href":"https:\/\/api.w.org\/{rel}","templated":true}]}}