{"id":127,"date":"2018-11-11T11:18:06","date_gmt":"2018-11-11T14:18:06","guid":{"rendered":"http:\/\/casadaciencia.draconis.ufms.br\/?page_id=127"},"modified":"2018-11-13T11:02:29","modified_gmt":"2018-11-13T14:02:29","slug":"sobre","status":"publish","type":"page","link":"https:\/\/casadaciencia.ufms.br\/en\/sobre\/","title":{"rendered":"Sobre"},"content":{"rendered":"<p>A Casa de Ci\u00eancia e Cultura de Campo Grande, um programa de extens\u00e3o que tem o objetivo de difundir o conhecimento cient\u00edfico e cultural para todos. Visite-nos na Casa da Ci\u00eancia localizada na entrada do estacionamento do Teatro Glauce Rocha, ao lado do Restaurante Universit\u00e1rio (RU).<\/p>\n<p>A Casa da Ci\u00eancia de Campo Grande \u00e9 uma iniciativa pioneira em divulga\u00e7\u00e3o cient\u00edfica no estado de Mato Grosso do Sul. O programa tem a miss\u00e3o de implantar, junto aos habitantes da cidade de Campo Grande e demais cidades do estado, um espa\u00e7o destinado \u00e0 converg\u00eancia das a\u00e7\u00f5es governamentais nas \u00e1reas de inclus\u00e3o digital, social e cultural, amplia\u00e7\u00e3o da cidadania e populariza\u00e7\u00e3o da ci\u00eancia e arte. O programa prop\u00f5e o uso das tecnologias da informa\u00e7\u00e3o associadas a saberes cient\u00edficos, visando contribuir para a forma\u00e7\u00e3o de professores e alunos do Ensino B\u00e1sico, bem como promover o acesso dos segmentos exclu\u00eddos da popula\u00e7\u00e3o \u00e0 sociedade do Conhecimento, dando forma\u00e7\u00e3o e orienta\u00e7\u00e3o profissional a jovens e adultos. Venha conhecer a Casa voc\u00ea tamb\u00e9m!<\/p>\n<p><iframe src=\"https:\/\/www.google.com\/maps\/embed?pb=!1m14!1m8!1m3!1d233.56619700312476!2d-54.61347529933153!3d-20.503801250605406!3m2!1i1024!2i768!4f13.1!3m3!1m2!1s0x0%3A0x7bcb8f6c325e35ed!2sCasa+de+Ci%C3%AAncia+e+Cultura+de+Campo+Grande!5e0!3m2!1spt-BR!2sbr!4v1542028146805\" width=\"600\" height=\"450\" frameborder=\"0\" style=\"border:0\" allowfullscreen><\/iframe><\/p>\n","protected":false},"excerpt":{"rendered":"<p>A Casa de Ci\u00eancia e Cultura de Campo Grande, um programa de extens\u00e3o que tem o objetivo de difundir o conhecimento cient\u00edfico e cultural para todos. Visite-nos na Casa da [&hellip;]<\/p>\n","protected":false},"author":853,"featured_media":0,"parent":0,"menu_order":0,"comment_status":"closed","ping_status":"closed","template":"","meta":{"footnotes":""},"coauthors":[],"class_list":["post-127","page","type-page","status-publish","hentry"],"_links":{"self":[{"href":"https:\/\/casadaciencia.ufms.br\/en\/wp-json\/wp\/v2\/pages\/127","targetHints":{"allow":["GET"]}}],"collection":[{"href":"https:\/\/casadaciencia.ufms.br\/en\/wp-json\/wp\/v2\/pages"}],"about":[{"href":"https:\/\/casadaciencia.ufms.br\/en\/wp-json\/wp\/v2\/types\/page"}],"author":[{"embeddable":true,"href":"https:\/\/casadaciencia.ufms.br\/en\/wp-json\/wp\/v2\/users\/853"}],"replies":[{"embeddable":true,"href":"https:\/\/casadaciencia.ufms.br\/en\/wp-json\/wp\/v2\/comments?post=127"}],"version-history":[{"count":13,"href":"https:\/\/casadaciencia.ufms.br\/en\/wp-json\/wp\/v2\/pages\/127\/revisions"}],"predecessor-version":[{"id":173,"href":"https:\/\/casadaciencia.ufms.br\/en\/wp-json\/wp\/v2\/pages\/127\/revisions\/173"}],"wp:attachment":[{"href":"https:\/\/casadaciencia.ufms.br\/en\/wp-json\/wp\/v2\/media?parent=127"}],"wp:term":[{"taxonomy":"author","embeddable":true,"href":"https:\/\/casadaciencia.ufms.br\/en\/wp-json\/wp\/v2\/coauthors?post=127"}],"curies":[{"name":"wp","href":"https:\/\/api.w.org\/{rel}","templated":true}]}}