{"id":111,"date":"2018-11-11T10:59:31","date_gmt":"2018-11-11T13:59:31","guid":{"rendered":"http:\/\/casadaciencia.draconis.ufms.br\/?page_id=111"},"modified":"2018-11-11T10:59:31","modified_gmt":"2018-11-11T13:59:31","slug":"tutorial-em-linguagem-c","status":"publish","type":"page","link":"https:\/\/casadaciencia.ufms.br\/en\/projetos\/tutorial-em-linguagem-c\/","title":{"rendered":"Tutorial em Linguagem C"},"content":{"rendered":"<p>A linguagem C possui sintaxe simples e elegante que proporciona ao programador iniciante compreende-la rapidamente. Um programa de computador \u00e9 um conjunto de instru\u00e7\u00f5es que representam um algoritmo para a resolu\u00e7\u00e3o de algum problema. Estas instru\u00e7\u00f5es s\u00e3o escritas atrav\u00e9s de um conjunto de c\u00f3digos (s\u00edmbolos e palavras). Este conjunto de c\u00f3digos possui regras de estrutura\u00e7\u00e3o l\u00f3gica e sint\u00e1tica pr\u00f3pria. Uma linguagem de programa\u00e7\u00e3o \u00e9 formada por um conjunto de s\u00edmbolos e regras. A linguagem C \u00e9 uma linguagem de alto n\u00edvel, gen\u00e9rica. Foi desenvolvida por programadores para programadores tendo como meta caracter\u00edsticas de flexibilidade e portabilidade. Assim tornou-se rapidamente uma linguagem \u201cpopular\u201d entre os programadores, desde sua cria\u00e7\u00e3o. O C foi usado para desenvolver o sistema operacional UNIX, e hoje est\u00e1 sendo usada para desenvolver novas linguagens, entre elas a linguagem C++ e Java.<br \/>\nNeste contexto, o Projeto Tutorial em Linguagem C procura abordar os t\u00f3picos essenciais da linguagem C que nos permite escrever um programa completo e \u00fatil. Para fazer isso reuniremos no tutorial todos os conceitos, estruturas e sintaxe da Linguagem C proporcionando praticidade e facilidade para que pessoas interessadas nessa linguagem aprendam de forma simples. Elas podem, por exemplo, desenvolver aplicativos ou sistemas na \u00e1rea de software b\u00e1sico, sistemas operativos e at\u00e9 jogos, e tamb\u00e9m entendam como demonstrar sua utilidade pr\u00e1tica e no desenvolvimento de novos aplicativos.<\/p>\n","protected":false},"excerpt":{"rendered":"<p>A linguagem C possui sintaxe simples e elegante que proporciona ao programador iniciante compreende-la rapidamente. Um programa de computador \u00e9 um conjunto de instru\u00e7\u00f5es que representam um algoritmo para a [&hellip;]<\/p>\n","protected":false},"author":853,"featured_media":0,"parent":38,"menu_order":0,"comment_status":"closed","ping_status":"closed","template":"","meta":{"footnotes":""},"coauthors":[],"class_list":["post-111","page","type-page","status-publish","hentry"],"_links":{"self":[{"href":"https:\/\/casadaciencia.ufms.br\/en\/wp-json\/wp\/v2\/pages\/111","targetHints":{"allow":["GET"]}}],"collection":[{"href":"https:\/\/casadaciencia.ufms.br\/en\/wp-json\/wp\/v2\/pages"}],"about":[{"href":"https:\/\/casadaciencia.ufms.br\/en\/wp-json\/wp\/v2\/types\/page"}],"author":[{"embeddable":true,"href":"https:\/\/casadaciencia.ufms.br\/en\/wp-json\/wp\/v2\/users\/853"}],"replies":[{"embeddable":true,"href":"https:\/\/casadaciencia.ufms.br\/en\/wp-json\/wp\/v2\/comments?post=111"}],"version-history":[{"count":2,"href":"https:\/\/casadaciencia.ufms.br\/en\/wp-json\/wp\/v2\/pages\/111\/revisions"}],"predecessor-version":[{"id":113,"href":"https:\/\/casadaciencia.ufms.br\/en\/wp-json\/wp\/v2\/pages\/111\/revisions\/113"}],"up":[{"embeddable":true,"href":"https:\/\/casadaciencia.ufms.br\/en\/wp-json\/wp\/v2\/pages\/38"}],"wp:attachment":[{"href":"https:\/\/casadaciencia.ufms.br\/en\/wp-json\/wp\/v2\/media?parent=111"}],"wp:term":[{"taxonomy":"author","embeddable":true,"href":"https:\/\/casadaciencia.ufms.br\/en\/wp-json\/wp\/v2\/coauthors?post=111"}],"curies":[{"name":"wp","href":"https:\/\/api.w.org\/{rel}","templated":true}]}}