{"id":109,"date":"2018-11-11T10:58:36","date_gmt":"2018-11-11T13:58:36","guid":{"rendered":"http:\/\/casadaciencia.draconis.ufms.br\/?page_id=109"},"modified":"2018-11-11T10:58:36","modified_gmt":"2018-11-11T13:58:36","slug":"terere-filosofico","status":"publish","type":"page","link":"https:\/\/casadaciencia.ufms.br\/en\/projetos\/terere-filosofico\/","title":{"rendered":"Terer\u00e9 Filos\u00f3fico"},"content":{"rendered":"<p>O projeto\u00a0<a id=\"aptureLink_fjxuLHwZJ7\" href=\"http:\/\/tererefilosofico.blogspot.com\/\">Terer\u00e9 Filos\u00f3fico<\/a>, promove por meio de atividade cultural, palestras sobre assuntos relacionados \u00e0 ci\u00eancia, tecnologia, educa\u00e7\u00e3o ambiental, direitos humanos, arte e cultura. A proposta \u00e9 obter, debates saud\u00e1veis relacionados \u00e0s tem\u00e1ticas atuais e de express\u00e3o para a realidade do Estado de Mato Grosso do Sul.<\/p>\n<p><img fetchpriority=\"high\" decoding=\"async\" class=\"size-medium wp-image-25 aligncenter\" src=\"http:\/\/casadaciencia.draconis.ufms.br\/files\/2016\/10\/logoterere-300x212.jpg\" alt=\"\" width=\"300\" height=\"212\" srcset=\"https:\/\/casadaciencia.ufms.br\/files\/2016\/10\/logoterere-300x212.jpg 300w, https:\/\/casadaciencia.ufms.br\/files\/2016\/10\/logoterere-453x320.jpg 453w, https:\/\/casadaciencia.ufms.br\/files\/2016\/10\/logoterere.jpg 749w\" sizes=\"(max-width: 300px) 100vw, 300px\" \/><br \/>\nConta com a participa\u00e7\u00e3o dos acad\u00eamicos da UFMS e de outras universidades, e com professores que ir\u00e3o discutir e debater sobre temas da atualidade, \u00e9 documentado por alunos do curso de jornalismo para edi\u00e7\u00e3o e publica\u00e7\u00e3o no t\u00e9rmino das atividades. As palestras complementam a forma\u00e7\u00e3o acad\u00eamica dos graduandos da UFMS e criam um ambiente que facilita a troca de experi\u00eancias, conceitos e id\u00e9ias, resultando em uma rica e f\u00e9rtil discuss\u00e3o, permitindo o exerc\u00edcio pleno da cidadania e a concretiza\u00e7\u00e3o da democracia.<br \/>\nO Terer\u00e9 Filos\u00f3fico busca romper com estas pr\u00e1ticas repetitivas e sem compromisso com o desenvolvimento da criatividade aplicada \u00e0 resolu\u00e7\u00e3o de problemas, tanto na vida pessoal como no campo profissional das pessoas. A pr\u00e1tica da reflex\u00e3o relaciona-se com as finalidades \u00e9ticas da vida humana.<br \/>\nCorresponde ao apelo de indagar os sentidos filos\u00f3ficos e existenciais de cada ser humano em suas rela\u00e7\u00f5es de produ\u00e7\u00e3o social e conviv\u00eancia com os demais semelhantes.<br \/>\nO projeto tem por objetivos garantir \u00e0 comunidade acad\u00eamica oportunidades de vivenciar experi\u00eancias n\u00e3o presentes em estruturas curriculares convencionais, favorecendo a forma\u00e7\u00e3o acad\u00eamica, tanto para a integra\u00e7\u00e3o na sociedade, como tamb\u00e9m no mercado profissional e, despertar a curiosidade e auxiliar na forma\u00e7\u00e3o do aprendizado, atrav\u00e9s das palestras e debates sobre tem\u00e1ticas atuais, formando conhecimento significativo e n\u00e3o uma simples transmiss\u00e3o de conte\u00fado.<\/p>\n","protected":false},"excerpt":{"rendered":"<p>O projeto\u00a0Terer\u00e9 Filos\u00f3fico, promove por meio de atividade cultural, palestras sobre assuntos relacionados \u00e0 ci\u00eancia, tecnologia, educa\u00e7\u00e3o ambiental, direitos humanos, arte e cultura. A proposta \u00e9 obter, debates saud\u00e1veis relacionados [&hellip;]<\/p>\n","protected":false},"author":853,"featured_media":0,"parent":38,"menu_order":0,"comment_status":"closed","ping_status":"closed","template":"","meta":{"footnotes":""},"coauthors":[],"class_list":["post-109","page","type-page","status-publish","hentry"],"_links":{"self":[{"href":"https:\/\/casadaciencia.ufms.br\/en\/wp-json\/wp\/v2\/pages\/109","targetHints":{"allow":["GET"]}}],"collection":[{"href":"https:\/\/casadaciencia.ufms.br\/en\/wp-json\/wp\/v2\/pages"}],"about":[{"href":"https:\/\/casadaciencia.ufms.br\/en\/wp-json\/wp\/v2\/types\/page"}],"author":[{"embeddable":true,"href":"https:\/\/casadaciencia.ufms.br\/en\/wp-json\/wp\/v2\/users\/853"}],"replies":[{"embeddable":true,"href":"https:\/\/casadaciencia.ufms.br\/en\/wp-json\/wp\/v2\/comments?post=109"}],"version-history":[{"count":1,"href":"https:\/\/casadaciencia.ufms.br\/en\/wp-json\/wp\/v2\/pages\/109\/revisions"}],"predecessor-version":[{"id":110,"href":"https:\/\/casadaciencia.ufms.br\/en\/wp-json\/wp\/v2\/pages\/109\/revisions\/110"}],"up":[{"embeddable":true,"href":"https:\/\/casadaciencia.ufms.br\/en\/wp-json\/wp\/v2\/pages\/38"}],"wp:attachment":[{"href":"https:\/\/casadaciencia.ufms.br\/en\/wp-json\/wp\/v2\/media?parent=109"}],"wp:term":[{"taxonomy":"author","embeddable":true,"href":"https:\/\/casadaciencia.ufms.br\/en\/wp-json\/wp\/v2\/coauthors?post=109"}],"curies":[{"name":"wp","href":"https:\/\/api.w.org\/{rel}","templated":true}]}}