{"id":107,"date":"2018-11-11T10:57:48","date_gmt":"2018-11-11T13:57:48","guid":{"rendered":"http:\/\/casadaciencia.draconis.ufms.br\/?page_id=107"},"modified":"2018-11-11T10:57:48","modified_gmt":"2018-11-11T13:57:48","slug":"promocao-da-saude-na-atencao-basica","status":"publish","type":"page","link":"https:\/\/casadaciencia.ufms.br\/en\/projetos\/promocao-da-saude-na-atencao-basica\/","title":{"rendered":"Promo\u00e7\u00e3o da Sa\u00fade na aten\u00e7\u00e3o b\u00e1sica"},"content":{"rendered":"<p>Os projetos de Promo\u00e7\u00e3o da Sa\u00fade na aten\u00e7\u00e3o b\u00e1sica t\u00eam o objetivo de fomentar a reflex\u00e3o e a ado\u00e7\u00e3o de pr\u00e1ticas relacionadas com a Pol\u00edtica Nacional de Promo\u00e7\u00e3o da Sa\u00fade no \u00e2mbito da universidade e nos trabalhos desenvolvidos pelas equipes de Sa\u00fade da Fam\u00edlia em Campo Grande. \u00c9 desenvolvido pelo Grupo vinculado ao Programa de Educa\u00e7\u00e3o pelo Trabalho para a Sa\u00fade (PET-Sa\u00fade), constitu\u00eddo por professores, acad\u00eamicos e profissionais de sa\u00fade. A metodologia utilizada \u00e9 a realiza\u00e7\u00e3o de oficinas de capacita\u00e7\u00e3o para a equipe executora e posterior desenvolvimento de atividades educativas na Casa da Ci\u00eancia para o p\u00fablico interno da universidade, principalmente acad\u00eamicos das s\u00e9ries iniciais dos cursos da \u00e1rea da sa\u00fade e grupos de usu\u00e1rios das tr\u00eas unidades de Sa\u00fade da Fam\u00edlia em que s\u00e3o desenvolvidas atividades do PET-Sa\u00fade. S\u00e3o utilizados v\u00e1rios recursos audiovisuais e elaborados um manual e f\u00f4lderes educativos. O projeto estimula a forma\u00e7\u00e3o de profissionais na perspectiva da integralidade com enfoque na promo\u00e7\u00e3o da sa\u00fade em seu cotidiano de trabalho e constitui uma contribui\u00e7\u00e3o para a melhoria da qualidade de vida da popula\u00e7\u00e3o de Campo Grande\/ MS.<\/p>\n","protected":false},"excerpt":{"rendered":"<p>Os projetos de Promo\u00e7\u00e3o da Sa\u00fade na aten\u00e7\u00e3o b\u00e1sica t\u00eam o objetivo de fomentar a reflex\u00e3o e a ado\u00e7\u00e3o de pr\u00e1ticas relacionadas com a Pol\u00edtica Nacional de Promo\u00e7\u00e3o da Sa\u00fade [&hellip;]<\/p>\n","protected":false},"author":853,"featured_media":0,"parent":38,"menu_order":0,"comment_status":"closed","ping_status":"closed","template":"","meta":{"footnotes":""},"coauthors":[],"class_list":["post-107","page","type-page","status-publish","hentry"],"_links":{"self":[{"href":"https:\/\/casadaciencia.ufms.br\/en\/wp-json\/wp\/v2\/pages\/107","targetHints":{"allow":["GET"]}}],"collection":[{"href":"https:\/\/casadaciencia.ufms.br\/en\/wp-json\/wp\/v2\/pages"}],"about":[{"href":"https:\/\/casadaciencia.ufms.br\/en\/wp-json\/wp\/v2\/types\/page"}],"author":[{"embeddable":true,"href":"https:\/\/casadaciencia.ufms.br\/en\/wp-json\/wp\/v2\/users\/853"}],"replies":[{"embeddable":true,"href":"https:\/\/casadaciencia.ufms.br\/en\/wp-json\/wp\/v2\/comments?post=107"}],"version-history":[{"count":1,"href":"https:\/\/casadaciencia.ufms.br\/en\/wp-json\/wp\/v2\/pages\/107\/revisions"}],"predecessor-version":[{"id":108,"href":"https:\/\/casadaciencia.ufms.br\/en\/wp-json\/wp\/v2\/pages\/107\/revisions\/108"}],"up":[{"embeddable":true,"href":"https:\/\/casadaciencia.ufms.br\/en\/wp-json\/wp\/v2\/pages\/38"}],"wp:attachment":[{"href":"https:\/\/casadaciencia.ufms.br\/en\/wp-json\/wp\/v2\/media?parent=107"}],"wp:term":[{"taxonomy":"author","embeddable":true,"href":"https:\/\/casadaciencia.ufms.br\/en\/wp-json\/wp\/v2\/coauthors?post=107"}],"curies":[{"name":"wp","href":"https:\/\/api.w.org\/{rel}","templated":true}]}}