{"id":105,"date":"2018-11-11T10:57:26","date_gmt":"2018-11-11T13:57:26","guid":{"rendered":"http:\/\/casadaciencia.draconis.ufms.br\/?page_id=105"},"modified":"2018-11-11T10:57:26","modified_gmt":"2018-11-11T13:57:26","slug":"jornal-principia","status":"publish","type":"page","link":"https:\/\/casadaciencia.ufms.br\/en\/projetos\/jornal-principia\/","title":{"rendered":"Jornal Principia"},"content":{"rendered":"<p><span style=\"color: #000000;font-family: verdana, sans-serif;font-size: large\">Com a cria\u00e7\u00e3o da Casa da Ci\u00eancia de Campo Grande em 2007, foi idealizado o informativo Principia, com o objetivo principal de divulgar as a\u00e7\u00f5es da Casa para a comunidade acad\u00eamica, concentrando-se em temas de divulga\u00e7\u00e3o cient\u00edfica, bem como outras a\u00e7\u00f5es de Extens\u00e3o Universit\u00e1ria. Hoje o objetivo \u00e9 atingir toda a comunidade do estado de MS. S\u00e3o feitas 2 (duas) edi\u00e7\u00f5e<\/span><span style=\"color: #000000;font-family: verdana, sans-serif;font-size: large\">s anuais, distribu\u00eddas na forma impressa, nos v\u00e1rios campi da UFMS, e pela internet.<img fetchpriority=\"high\" decoding=\"async\" class=\"alignnone size-medium wp-image-24\" src=\"http:\/\/casadaciencia.draconis.ufms.br\/files\/2016\/10\/principia_0-300x195.jpg\" alt=\"\" width=\"300\" height=\"195\" srcset=\"https:\/\/casadaciencia.ufms.br\/files\/2016\/10\/principia_0-300x195.jpg 300w, https:\/\/casadaciencia.ufms.br\/files\/2016\/10\/principia_0-492x320.jpg 492w, https:\/\/casadaciencia.ufms.br\/files\/2016\/10\/principia_0.jpg 633w\" sizes=\"(max-width: 300px) 100vw, 300px\" \/><\/span><\/p>\n<p><span style=\"color: #000000;font-family: verdana, sans-serif;font-size: large\">O esfor\u00e7o de im<\/span><span style=\"color: #000000;font-family: verdana, sans-serif;font-size: large\">plementar a Casa da Ci\u00eancia de Campo Grande, o primeiro centro de ci\u00eancia do estado de Mato Grosso do Sul, exige a divulga\u00e7\u00e3o das atividades desenvolvidas para atrair, primeiramente, a comunidade acad\u00eamica, que \u00e9 respons\u00e1vel pela ger\u00eancia e manuten\u00e7\u00e3o do projeto, e futuramente toda a comunidade, da cidade e do estado. Desta maneira, o Principia \u00e9 uma das pe\u00e7as necess\u00e1rias para se atingir os objetivos maiores da Casa da Ci\u00eancia e, consequentemente, do programa nacional de Inclus\u00e3o Social.<\/span><\/p>\n<p><span style=\"color: #000000;font-family: verdana, sans-serif;font-size: large\">Acesse o nosso blog\u00a0<a href=\"http:\/\/jornalprincipia.blogspot.com.br\/\">jornalprincipia.blogspot<\/a>.<\/span><span style=\"color: #000000;font-family: verdana, sans-serif;font-size: large\"><br \/>\n<\/span><\/p>\n<p><span style=\"color: #000000;font-family: verdana, sans-serif;font-size: large\">Para leitura online ou download das verss\u00f5es anteriores do jornal\u00a0<a href=\"http:\/\/www.casadaciencia.ufms.br\/?q=node\/61\">clique aqui<\/a>.<\/span><\/p>\n","protected":false},"excerpt":{"rendered":"<p>Com a cria\u00e7\u00e3o da Casa da Ci\u00eancia de Campo Grande em 2007, foi idealizado o informativo Principia, com o objetivo principal de divulgar as a\u00e7\u00f5es da Casa para a comunidade [&hellip;]<\/p>\n","protected":false},"author":853,"featured_media":0,"parent":38,"menu_order":0,"comment_status":"closed","ping_status":"closed","template":"","meta":{"footnotes":""},"coauthors":[],"class_list":["post-105","page","type-page","status-publish","hentry"],"_links":{"self":[{"href":"https:\/\/casadaciencia.ufms.br\/en\/wp-json\/wp\/v2\/pages\/105","targetHints":{"allow":["GET"]}}],"collection":[{"href":"https:\/\/casadaciencia.ufms.br\/en\/wp-json\/wp\/v2\/pages"}],"about":[{"href":"https:\/\/casadaciencia.ufms.br\/en\/wp-json\/wp\/v2\/types\/page"}],"author":[{"embeddable":true,"href":"https:\/\/casadaciencia.ufms.br\/en\/wp-json\/wp\/v2\/users\/853"}],"replies":[{"embeddable":true,"href":"https:\/\/casadaciencia.ufms.br\/en\/wp-json\/wp\/v2\/comments?post=105"}],"version-history":[{"count":1,"href":"https:\/\/casadaciencia.ufms.br\/en\/wp-json\/wp\/v2\/pages\/105\/revisions"}],"predecessor-version":[{"id":106,"href":"https:\/\/casadaciencia.ufms.br\/en\/wp-json\/wp\/v2\/pages\/105\/revisions\/106"}],"up":[{"embeddable":true,"href":"https:\/\/casadaciencia.ufms.br\/en\/wp-json\/wp\/v2\/pages\/38"}],"wp:attachment":[{"href":"https:\/\/casadaciencia.ufms.br\/en\/wp-json\/wp\/v2\/media?parent=105"}],"wp:term":[{"taxonomy":"author","embeddable":true,"href":"https:\/\/casadaciencia.ufms.br\/en\/wp-json\/wp\/v2\/coauthors?post=105"}],"curies":[{"name":"wp","href":"https:\/\/api.w.org\/{rel}","templated":true}]}}