{"id":103,"date":"2018-11-11T10:56:44","date_gmt":"2018-11-11T13:56:44","guid":{"rendered":"http:\/\/casadaciencia.draconis.ufms.br\/?page_id=103"},"modified":"2018-11-11T10:56:44","modified_gmt":"2018-11-11T13:56:44","slug":"inclusao-digital","status":"publish","type":"page","link":"https:\/\/casadaciencia.ufms.br\/en\/projetos\/inclusao-digital\/","title":{"rendered":"Inclus\u00e3o Digital"},"content":{"rendered":"<p>Na sociedade moderna \u00e9 indispens\u00e1vel o conhecimento b\u00e1sico de inform\u00e1tica, por\u00e9m s\u00e3o muitas as pessoas que n\u00e3o t\u00eam acesso a esse conhecimento, n\u00e3o sabem utilizar um computador e algumas at\u00e9 mesmo desconhecem a exist\u00eancia da internet.<br \/>\nEssas pessoas acabam sendo exclu\u00eddas do mundo tecnol\u00f3gico e por sua vez do mercado de trabalho. Ent\u00e3o, o que se deve buscar \u00e9 a inclus\u00e3o digital o que no atual contexto \u00e9 essencial \u00e0 inclus\u00e3o social, pois n\u00e3o se faz necess\u00e1rio s\u00f3 saber ler e escrever para que uma pessoa seja uma cidad\u00e3 inclu\u00edda na sociedade.<br \/>\n\u00c9 importante que ocorra uma transforma\u00e7\u00e3o na vida destas pessoas a fim de que elas n\u00e3o s\u00f3 estejam no meio destas novas tecnologias, mas que possam interagir com elas.<br \/>\nNuma sociedade que exclui os que n\u00e3o t\u00eam o conhecimento de inform\u00e1tica, entendemos que \u00e9 necess\u00e1rio o ensino para capacitar ao uso do computador. Segundo Paulo Freire a educa\u00e7\u00e3o abre perspectivas, adaptamos este conceito \u00e0 inclus\u00e3o digital, visando que este projeto ajude a diminuir a popula\u00e7\u00e3o que n\u00e3o tem acesso a estas informa\u00e7\u00f5es.<br \/>\nBuscamos a transforma\u00e7\u00e3o destas pessoas exclu\u00eddas em sujeitos digitais capazes de interagir n\u00e3o apenas com o computador, mas tamb\u00e9m com as novas m\u00eddias digitais. A popula\u00e7\u00e3o precisa ter a consci\u00eancia de que pode conquistar uma exist\u00eancia mais digna e at\u00e9 progresso material por meio do poder transformador das novas tecnologias. Apesar de estarmos rodeados destas, poucas pessoas usufruem plenamente desta informatiza\u00e7\u00e3o da sociedade.<br \/>\nDe acordo com Siqueira \u201co mundo nunca disp\u00f4s de instrumentos t\u00e3o poderosos de comunica\u00e7\u00e3o e informa\u00e7\u00e3o como hoje. Cabe-nos us\u00e1-las inteligentemente em sua plenitude\u201d, devemos tamb\u00e9m colaborar com o ensino de inform\u00e1tica, contribuindo assim para o crescimento s\u00f3cio-econ\u00f4mico da popula\u00e7\u00e3o brasileira.<\/p>\n","protected":false},"excerpt":{"rendered":"<p>Na sociedade moderna \u00e9 indispens\u00e1vel o conhecimento b\u00e1sico de inform\u00e1tica, por\u00e9m s\u00e3o muitas as pessoas que n\u00e3o t\u00eam acesso a esse conhecimento, n\u00e3o sabem utilizar um computador e algumas at\u00e9 [&hellip;]<\/p>\n","protected":false},"author":853,"featured_media":0,"parent":38,"menu_order":0,"comment_status":"closed","ping_status":"closed","template":"","meta":{"footnotes":""},"coauthors":[],"class_list":["post-103","page","type-page","status-publish","hentry"],"_links":{"self":[{"href":"https:\/\/casadaciencia.ufms.br\/en\/wp-json\/wp\/v2\/pages\/103","targetHints":{"allow":["GET"]}}],"collection":[{"href":"https:\/\/casadaciencia.ufms.br\/en\/wp-json\/wp\/v2\/pages"}],"about":[{"href":"https:\/\/casadaciencia.ufms.br\/en\/wp-json\/wp\/v2\/types\/page"}],"author":[{"embeddable":true,"href":"https:\/\/casadaciencia.ufms.br\/en\/wp-json\/wp\/v2\/users\/853"}],"replies":[{"embeddable":true,"href":"https:\/\/casadaciencia.ufms.br\/en\/wp-json\/wp\/v2\/comments?post=103"}],"version-history":[{"count":1,"href":"https:\/\/casadaciencia.ufms.br\/en\/wp-json\/wp\/v2\/pages\/103\/revisions"}],"predecessor-version":[{"id":104,"href":"https:\/\/casadaciencia.ufms.br\/en\/wp-json\/wp\/v2\/pages\/103\/revisions\/104"}],"up":[{"embeddable":true,"href":"https:\/\/casadaciencia.ufms.br\/en\/wp-json\/wp\/v2\/pages\/38"}],"wp:attachment":[{"href":"https:\/\/casadaciencia.ufms.br\/en\/wp-json\/wp\/v2\/media?parent=103"}],"wp:term":[{"taxonomy":"author","embeddable":true,"href":"https:\/\/casadaciencia.ufms.br\/en\/wp-json\/wp\/v2\/coauthors?post=103"}],"curies":[{"name":"wp","href":"https:\/\/api.w.org\/{rel}","templated":true}]}}