{"id":101,"date":"2018-11-11T10:55:56","date_gmt":"2018-11-11T13:55:56","guid":{"rendered":"http:\/\/casadaciencia.draconis.ufms.br\/?page_id=101"},"modified":"2018-11-11T10:55:56","modified_gmt":"2018-11-11T13:55:56","slug":"herbario-virtual","status":"publish","type":"page","link":"https:\/\/casadaciencia.ufms.br\/en\/projetos\/herbario-virtual\/","title":{"rendered":"Herb\u00e1rio Virtual"},"content":{"rendered":"<p>Conhe\u00e7a as plantas do Mato Grosso do Sul<br \/>\nO Herb\u00e1rio da Universidade Federal de Mato Grosso do Sul, localizado em Campo Grande, conhecido por CGMS, foi criado em 1989, e \u00e9 hoje o maior acervo do estado, contando com aproximadamente 27000 exsicatas. O car\u00e1ter heterog\u00eaneo da cole\u00e7\u00e3o do CGMS representa uma importante refer\u00eancia da biodiversidade da flora sul mato-grossense, pois os esp\u00e9cimes depositados no acervo s\u00e3o oriundos de diferentes eco-regi\u00f5es do Estado incluindo o Pantanal, o Cerrado na regi\u00e3o do planalto, a Serra da Bodoquena e o Chaco.<br \/>\nO projeto \u201cConhe\u00e7a as plantas do Mato Grosso do Sul\u201d, tem por finalidade disponibilizar uma parte desse acervo na internet, como uma forma de contribuir para a divulga\u00e7\u00e3o de informa\u00e7\u00f5es com acesso livre na rede, favorecendo o conhecimento das plantas pertencentes \u00e0 cole\u00e7\u00e3o tanto de pesquisadores de todo estado quanto de outras regi\u00f5es do pa\u00eds e do mundo.<br \/>\nO site ser\u00e1 uma ferramenta para estudos na \u00e1rea de Bot\u00e2nica, dedicado especialmente aos alunos e professores dos cursos Fundamental e M\u00e9dio, onde estar\u00e3o dispon\u00edveis as fam\u00edlias bot\u00e2nicas, bem como g\u00eaneros e esp\u00e9cies que exemplificam essas fam\u00edlias. Cole\u00e7\u00f5es bot\u00e2nicas s\u00e3o de valor educacional inestim\u00e1vel, tanto para ensinar hist\u00f3ria natural quanto no\u00e7\u00f5es de educa\u00e7\u00e3o ambiental. Para mais informa\u00e7\u00f5es acesse o site\u00a0<a title=\"www.casadaciencia.ufms.br\/herbariocgms\" href=\"http:\/\/www.casadaciencia.ufms.br\/herbariocgms\">www.casadaciencia.ufms.br\/herbariocgms<\/a><\/p>\n","protected":false},"excerpt":{"rendered":"<p>Conhe\u00e7a as plantas do Mato Grosso do Sul O Herb\u00e1rio da Universidade Federal de Mato Grosso do Sul, localizado em Campo Grande, conhecido por CGMS, foi criado em 1989, e [&hellip;]<\/p>\n","protected":false},"author":853,"featured_media":0,"parent":38,"menu_order":0,"comment_status":"closed","ping_status":"closed","template":"","meta":{"footnotes":""},"coauthors":[],"class_list":["post-101","page","type-page","status-publish","hentry"],"_links":{"self":[{"href":"https:\/\/casadaciencia.ufms.br\/en\/wp-json\/wp\/v2\/pages\/101","targetHints":{"allow":["GET"]}}],"collection":[{"href":"https:\/\/casadaciencia.ufms.br\/en\/wp-json\/wp\/v2\/pages"}],"about":[{"href":"https:\/\/casadaciencia.ufms.br\/en\/wp-json\/wp\/v2\/types\/page"}],"author":[{"embeddable":true,"href":"https:\/\/casadaciencia.ufms.br\/en\/wp-json\/wp\/v2\/users\/853"}],"replies":[{"embeddable":true,"href":"https:\/\/casadaciencia.ufms.br\/en\/wp-json\/wp\/v2\/comments?post=101"}],"version-history":[{"count":1,"href":"https:\/\/casadaciencia.ufms.br\/en\/wp-json\/wp\/v2\/pages\/101\/revisions"}],"predecessor-version":[{"id":102,"href":"https:\/\/casadaciencia.ufms.br\/en\/wp-json\/wp\/v2\/pages\/101\/revisions\/102"}],"up":[{"embeddable":true,"href":"https:\/\/casadaciencia.ufms.br\/en\/wp-json\/wp\/v2\/pages\/38"}],"wp:attachment":[{"href":"https:\/\/casadaciencia.ufms.br\/en\/wp-json\/wp\/v2\/media?parent=101"}],"wp:term":[{"taxonomy":"author","embeddable":true,"href":"https:\/\/casadaciencia.ufms.br\/en\/wp-json\/wp\/v2\/coauthors?post=101"}],"curies":[{"name":"wp","href":"https:\/\/api.w.org\/{rel}","templated":true}]}}